{"id":4545,"date":"2023-10-17T11:45:19","date_gmt":"2023-10-17T11:45:19","guid":{"rendered":"https:\/\/soleplex.es\/producto\/lamina-swiss-mad-acid\/"},"modified":"2023-11-21T09:27:46","modified_gmt":"2023-11-21T09:27:46","slug":"lamina-swiss-mad-acid","status":"publish","type":"product","link":"https:\/\/soleplex.es\/ca\/producto\/lamina-swiss-mad-acid\/","title":{"rendered":"L\u00e0mina Swiss Mad \u00c1cid"},"content":{"rendered":"<p>La l\u00e0mina <strong>SWISS MAD \u00c1CID <\/strong>es una l\u00e0mina de privacitat transl\u00facida d&#8217;aspecte setinat.<\/p>\n<p>Ens proporciona privacitat tant interior com exterior mantenint la lluminositat.<\/p>\n<p>S&#8217;utilitza habitualment en:<\/p>\n<ul>\n<li>Oficines, despatxos, consultes, per a separar ambients i guanyar privacitat en espais comuns, sales de reunions, \u2026<\/li>\n<li>Establiments com a gimnasos, instal\u00b7lacions esportives, consultoris m\u00e8dics, per a instal\u00b7lacions de serveis, mampares de bany, envidraments de separaci\u00f3, \u2026<\/li>\n<li>Qualsevol altre espai que requereixi un cert grau de privacitat, intimitat<\/li>\n<\/ul>\n<p><u>Informaci\u00f3 addicional:<\/u><\/p>\n<p>S&#8217;aplica amb una dissoluci\u00f3 d&#8217;aigua sabonosa. No \u00e9s necessari segellament perimetral.<\/p>\n<p>Garantia 5 anys<\/p>\n","protected":false},"excerpt":{"rendered":"<p>Vinil setinat transl\u00facid.<\/p>\n","protected":false},"featured_media":4195,"comment_status":"open","ping_status":"closed","template":"","meta":{"site-sidebar-layout":"default","site-content-layout":"default","ast-site-content-layout":"default","site-content-style":"default","site-sidebar-style":"default","ast-global-header-display":"","ast-banner-title-visibility":"","ast-main-header-display":"","ast-hfb-above-header-display":"","ast-hfb-below-header-display":"","ast-hfb-mobile-header-display":"","site-post-title":"","ast-breadcrumbs-content":"","ast-featured-img":"","footer-sml-layout":"","theme-transparent-header-meta":"default","adv-header-id-meta":"","stick-header-meta":"","header-above-stick-meta":"","header-main-stick-meta":"","header-below-stick-meta":"","astra-migrate-meta-layouts":"set","ast-page-background-enabled":"default","ast-page-background-meta":{"desktop":{"background-color":"var(--ast-global-color-4)","background-image":"","background-repeat":"repeat","background-position":"center center","background-size":"auto","background-attachment":"scroll","background-type":"","background-media":"","overlay-type":"","overlay-color":"","overlay-gradient":""},"tablet":{"background-color":"","background-image":"","background-repeat":"repeat","background-position":"center center","background-size":"auto","background-attachment":"scroll","background-type":"","background-media":"","overlay-type":"","overlay-color":"","overlay-gradient":""},"mobile":{"background-color":"","background-image":"","background-repeat":"repeat","background-position":"center center","background-size":"auto","background-attachment":"scroll","background-type":"","background-media":"","overlay-type":"","overlay-color":"","overlay-gradient":""}},"ast-content-background-meta":{"desktop":{"background-color":"var(--ast-global-color-5)","background-image":"","background-repeat":"repeat","background-position":"center center","background-size":"auto","background-attachment":"scroll","background-type":"","background-media":"","overlay-type":"","overlay-color":"","overlay-gradient":""},"tablet":{"background-color":"var(--ast-global-color-5)","background-image":"","background-repeat":"repeat","background-position":"center center","background-size":"auto","background-attachment":"scroll","background-type":"","background-media":"","overlay-type":"","overlay-color":"","overlay-gradient":""},"mobile":{"background-color":"var(--ast-global-color-5)","background-image":"","background-repeat":"repeat","background-position":"center center","background-size":"auto","background-attachment":"scroll","background-type":"","background-media":"","overlay-type":"","overlay-color":"","overlay-gradient":""}},"_joinchat":[]},"product_cat":[105],"product_tag":[109,110],"acf":[],"yoast_head":"<!-- This site is optimized with the Yoast SEO plugin v22.6 - https:\/\/yoast.com\/wordpress\/plugins\/seo\/ -->\n<title>L\u00e0mina Swiss Mad \u00c1cid - Soleplex Swiss<\/title>\n<meta name=\"robots\" content=\"index, follow, max-snippet:-1, max-image-preview:large, max-video-preview:-1\" \/>\n<link rel=\"canonical\" href=\"https:\/\/soleplex.es\/ca\/producto\/lamina-swiss-mad-acid\/\" \/>\n<meta property=\"og:locale\" content=\"ca_ES\" \/>\n<meta property=\"og:type\" content=\"article\" \/>\n<meta property=\"og:title\" content=\"L\u00e0mina Swiss Mad \u00c1cid - Soleplex Swiss\" \/>\n<meta property=\"og:description\" content=\"Vinil setinat transl\u00facid.\" \/>\n<meta property=\"og:url\" content=\"https:\/\/soleplex.es\/ca\/producto\/lamina-swiss-mad-acid\/\" \/>\n<meta property=\"og:site_name\" content=\"Soleplex Swiss\" \/>\n<meta property=\"article:modified_time\" content=\"2023-11-21T09:27:46+00:00\" \/>\n<meta property=\"og:image\" content=\"https:\/\/soleplex.es\/wp-content\/uploads\/2023\/10\/SWISS-MAD-ACID-C2.webp\" \/>\n\t<meta property=\"og:image:width\" content=\"650\" \/>\n\t<meta property=\"og:image:height\" content=\"650\" \/>\n\t<meta property=\"og:image:type\" content=\"image\/webp\" \/>\n<meta name=\"twitter:card\" content=\"summary_large_image\" \/>\n<script type=\"application\/ld+json\" class=\"yoast-schema-graph\">{\"@context\":\"https:\/\/schema.org\",\"@graph\":[{\"@type\":\"WebPage\",\"@id\":\"https:\/\/soleplex.es\/ca\/producto\/lamina-swiss-mad-acid\/\",\"url\":\"https:\/\/soleplex.es\/ca\/producto\/lamina-swiss-mad-acid\/\",\"name\":\"L\u00e0mina Swiss Mad \u00c1cid - Soleplex Swiss\",\"isPartOf\":{\"@id\":\"https:\/\/soleplex.es\/#website\"},\"primaryImageOfPage\":{\"@id\":\"https:\/\/soleplex.es\/ca\/producto\/lamina-swiss-mad-acid\/#primaryimage\"},\"image\":{\"@id\":\"https:\/\/soleplex.es\/ca\/producto\/lamina-swiss-mad-acid\/#primaryimage\"},\"thumbnailUrl\":\"https:\/\/soleplex.es\/wp-content\/uploads\/2023\/10\/SWISS-MAD-ACID-C2.webp\",\"datePublished\":\"2023-10-17T11:45:19+00:00\",\"dateModified\":\"2023-11-21T09:27:46+00:00\",\"breadcrumb\":{\"@id\":\"https:\/\/soleplex.es\/ca\/producto\/lamina-swiss-mad-acid\/#breadcrumb\"},\"inLanguage\":\"ca\",\"potentialAction\":[{\"@type\":\"ReadAction\",\"target\":[\"https:\/\/soleplex.es\/ca\/producto\/lamina-swiss-mad-acid\/\"]}]},{\"@type\":\"ImageObject\",\"inLanguage\":\"ca\",\"@id\":\"https:\/\/soleplex.es\/ca\/producto\/lamina-swiss-mad-acid\/#primaryimage\",\"url\":\"https:\/\/soleplex.es\/wp-content\/uploads\/2023\/10\/SWISS-MAD-ACID-C2.webp\",\"contentUrl\":\"https:\/\/soleplex.es\/wp-content\/uploads\/2023\/10\/SWISS-MAD-ACID-C2.webp\",\"width\":650,\"height\":650,\"caption\":\"SWISS MAD ACID C2\"},{\"@type\":\"BreadcrumbList\",\"@id\":\"https:\/\/soleplex.es\/ca\/producto\/lamina-swiss-mad-acid\/#breadcrumb\",\"itemListElement\":[{\"@type\":\"ListItem\",\"position\":1,\"name\":\"Portada\",\"item\":\"https:\/\/soleplex.es\/ca\/\"},{\"@type\":\"ListItem\",\"position\":2,\"name\":\"Lamines Online\",\"item\":\"https:\/\/soleplex.es\/ca\/lamines-online\/\"},{\"@type\":\"ListItem\",\"position\":3,\"name\":\"L\u00e0mina Swiss Mad \u00c1cid\"}]},{\"@type\":\"WebSite\",\"@id\":\"https:\/\/soleplex.es\/#website\",\"url\":\"https:\/\/soleplex.es\/\",\"name\":\"Soleplex Swiss\",\"description\":\"L\u00e1minas solares, l\u00e1minas de seguridad y limpieza de graffitis\",\"publisher\":{\"@id\":\"https:\/\/soleplex.es\/#organization\"},\"potentialAction\":[{\"@type\":\"SearchAction\",\"target\":{\"@type\":\"EntryPoint\",\"urlTemplate\":\"https:\/\/soleplex.es\/?s={search_term_string}\"},\"query-input\":\"required name=search_term_string\"}],\"inLanguage\":\"ca\"},{\"@type\":\"Organization\",\"@id\":\"https:\/\/soleplex.es\/#organization\",\"name\":\"Soleplex Swiss\",\"url\":\"https:\/\/soleplex.es\/\",\"logo\":{\"@type\":\"ImageObject\",\"inLanguage\":\"ca\",\"@id\":\"https:\/\/soleplex.es\/#\/schema\/logo\/image\/\",\"url\":\"https:\/\/soleplex.es\/wp-content\/uploads\/2021\/10\/logo-soleplex.jpg\",\"contentUrl\":\"https:\/\/soleplex.es\/wp-content\/uploads\/2021\/10\/logo-soleplex.jpg\",\"width\":250,\"height\":118,\"caption\":\"Soleplex Swiss\"},\"image\":{\"@id\":\"https:\/\/soleplex.es\/#\/schema\/logo\/image\/\"}}]}<\/script>\n<!-- \/ Yoast SEO plugin. -->","yoast_head_json":{"title":"L\u00e0mina Swiss Mad \u00c1cid - Soleplex Swiss","robots":{"index":"index","follow":"follow","max-snippet":"max-snippet:-1","max-image-preview":"max-image-preview:large","max-video-preview":"max-video-preview:-1"},"canonical":"https:\/\/soleplex.es\/ca\/producto\/lamina-swiss-mad-acid\/","og_locale":"ca_ES","og_type":"article","og_title":"L\u00e0mina Swiss Mad \u00c1cid - Soleplex Swiss","og_description":"Vinil setinat transl\u00facid.","og_url":"https:\/\/soleplex.es\/ca\/producto\/lamina-swiss-mad-acid\/","og_site_name":"Soleplex Swiss","article_modified_time":"2023-11-21T09:27:46+00:00","og_image":[{"width":650,"height":650,"url":"https:\/\/soleplex.es\/wp-content\/uploads\/2023\/10\/SWISS-MAD-ACID-C2.webp","type":"image\/webp"}],"twitter_card":"summary_large_image","schema":{"@context":"https:\/\/schema.org","@graph":[{"@type":"WebPage","@id":"https:\/\/soleplex.es\/ca\/producto\/lamina-swiss-mad-acid\/","url":"https:\/\/soleplex.es\/ca\/producto\/lamina-swiss-mad-acid\/","name":"L\u00e0mina Swiss Mad \u00c1cid - Soleplex Swiss","isPartOf":{"@id":"https:\/\/soleplex.es\/#website"},"primaryImageOfPage":{"@id":"https:\/\/soleplex.es\/ca\/producto\/lamina-swiss-mad-acid\/#primaryimage"},"image":{"@id":"https:\/\/soleplex.es\/ca\/producto\/lamina-swiss-mad-acid\/#primaryimage"},"thumbnailUrl":"https:\/\/soleplex.es\/wp-content\/uploads\/2023\/10\/SWISS-MAD-ACID-C2.webp","datePublished":"2023-10-17T11:45:19+00:00","dateModified":"2023-11-21T09:27:46+00:00","breadcrumb":{"@id":"https:\/\/soleplex.es\/ca\/producto\/lamina-swiss-mad-acid\/#breadcrumb"},"inLanguage":"ca","potentialAction":[{"@type":"ReadAction","target":["https:\/\/soleplex.es\/ca\/producto\/lamina-swiss-mad-acid\/"]}]},{"@type":"ImageObject","inLanguage":"ca","@id":"https:\/\/soleplex.es\/ca\/producto\/lamina-swiss-mad-acid\/#primaryimage","url":"https:\/\/soleplex.es\/wp-content\/uploads\/2023\/10\/SWISS-MAD-ACID-C2.webp","contentUrl":"https:\/\/soleplex.es\/wp-content\/uploads\/2023\/10\/SWISS-MAD-ACID-C2.webp","width":650,"height":650,"caption":"SWISS MAD ACID C2"},{"@type":"BreadcrumbList","@id":"https:\/\/soleplex.es\/ca\/producto\/lamina-swiss-mad-acid\/#breadcrumb","itemListElement":[{"@type":"ListItem","position":1,"name":"Portada","item":"https:\/\/soleplex.es\/ca\/"},{"@type":"ListItem","position":2,"name":"Lamines Online","item":"https:\/\/soleplex.es\/ca\/lamines-online\/"},{"@type":"ListItem","position":3,"name":"L\u00e0mina Swiss Mad \u00c1cid"}]},{"@type":"WebSite","@id":"https:\/\/soleplex.es\/#website","url":"https:\/\/soleplex.es\/","name":"Soleplex Swiss","description":"L\u00e1minas solares, l\u00e1minas de seguridad y limpieza de graffitis","publisher":{"@id":"https:\/\/soleplex.es\/#organization"},"potentialAction":[{"@type":"SearchAction","target":{"@type":"EntryPoint","urlTemplate":"https:\/\/soleplex.es\/?s={search_term_string}"},"query-input":"required name=search_term_string"}],"inLanguage":"ca"},{"@type":"Organization","@id":"https:\/\/soleplex.es\/#organization","name":"Soleplex Swiss","url":"https:\/\/soleplex.es\/","logo":{"@type":"ImageObject","inLanguage":"ca","@id":"https:\/\/soleplex.es\/#\/schema\/logo\/image\/","url":"https:\/\/soleplex.es\/wp-content\/uploads\/2021\/10\/logo-soleplex.jpg","contentUrl":"https:\/\/soleplex.es\/wp-content\/uploads\/2021\/10\/logo-soleplex.jpg","width":250,"height":118,"caption":"Soleplex Swiss"},"image":{"@id":"https:\/\/soleplex.es\/#\/schema\/logo\/image\/"}}]}},"jetpack_sharing_enabled":true,"_links":{"self":[{"href":"https:\/\/soleplex.es\/ca\/wp-json\/wp\/v2\/product\/4545"}],"collection":[{"href":"https:\/\/soleplex.es\/ca\/wp-json\/wp\/v2\/product"}],"about":[{"href":"https:\/\/soleplex.es\/ca\/wp-json\/wp\/v2\/types\/product"}],"replies":[{"embeddable":true,"href":"https:\/\/soleplex.es\/ca\/wp-json\/wp\/v2\/comments?post=4545"}],"wp:featuredmedia":[{"embeddable":true,"href":"https:\/\/soleplex.es\/ca\/wp-json\/wp\/v2\/media\/4195"}],"wp:attachment":[{"href":"https:\/\/soleplex.es\/ca\/wp-json\/wp\/v2\/media?parent=4545"}],"wp:term":[{"taxonomy":"product_cat","embeddable":true,"href":"https:\/\/soleplex.es\/ca\/wp-json\/wp\/v2\/product_cat?post=4545"},{"taxonomy":"product_tag","embeddable":true,"href":"https:\/\/soleplex.es\/ca\/wp-json\/wp\/v2\/product_tag?post=4545"}],"curies":[{"name":"wp","href":"https:\/\/api.w.org\/{rel}","templated":true}]}}