{"id":4447,"date":"2023-11-15T10:25:11","date_gmt":"2023-11-15T10:25:11","guid":{"rendered":"https:\/\/soleplex.es\/producto\/lamina-swiss-spect-22-xc\/"},"modified":"2023-11-20T13:09:24","modified_gmt":"2023-11-20T13:09:24","slug":"lamina-swiss-spect-22-xc","status":"publish","type":"product","link":"https:\/\/soleplex.es\/ca\/producto\/lamina-swiss-spect-22-xc\/","title":{"rendered":"L\u00e0mina Swiss Spect 22 XC"},"content":{"rendered":"<p>La l\u00e0mina <strong>SWISS<\/strong> <strong>SPECT22 XC<\/strong> \u00e9s una l\u00e0mina neutra d&#8217;aplicaci\u00f3 exterior amb un cert mat\u00eds blav\u00f3s.<\/p>\n<p>A causa de la seva composici\u00f3 cer\u00e0mica, ens proporciona un molt bon rendiment amb una transpar\u00e8ncia i lluminositat sorprenent.<\/p>\n<p>S&#8217;utilitza habitualment en:<\/p>\n<ul>\n<li>Aparadors d&#8217;establiments, farm\u00e0cies, aparadors d&#8217;aliments, en els quals \u00e9s necessari una reducci\u00f3 cal\u00f2rica important sense prescindir de lluminositat i transpar\u00e8ncia.<\/li>\n<li>Locals comercials per a protegir els elements i materials de l&#8217;interior al mateix temps que possibilita la bona visibilitat i lluminositat des de l&#8217;exterior. La seva col\u00b7locaci\u00f3 en aquests espais prolonga la vida dels materials, evitant desperfectes i descoloracions.<\/li>\n<\/ul>\n<p><u>Informaci\u00f3 addicional:<\/u><\/p>\n<p>S&#8217;aplica amb una dissoluci\u00f3 d&#8217;aigua sabonosa. En ser aplicable exterior, \u00e9s necessari segellament perimetral.<\/p>\n<p>Garantia 5 anys<\/p>\n","protected":false},"excerpt":{"rendered":"<p>L\u00e0mina neutra d&#8217;aplicaci\u00f3 exterior.<\/p>\n","protected":false},"featured_media":4212,"comment_status":"open","ping_status":"closed","template":"","meta":{"site-sidebar-layout":"default","site-content-layout":"default","ast-site-content-layout":"default","site-content-style":"default","site-sidebar-style":"default","ast-global-header-display":"","ast-banner-title-visibility":"","ast-main-header-display":"","ast-hfb-above-header-display":"","ast-hfb-below-header-display":"","ast-hfb-mobile-header-display":"","site-post-title":"","ast-breadcrumbs-content":"","ast-featured-img":"","footer-sml-layout":"","theme-transparent-header-meta":"default","adv-header-id-meta":"","stick-header-meta":"","header-above-stick-meta":"","header-main-stick-meta":"","header-below-stick-meta":"","astra-migrate-meta-layouts":"set","ast-page-background-enabled":"default","ast-page-background-meta":{"desktop":{"background-color":"var(--ast-global-color-4)","background-image":"","background-repeat":"repeat","background-position":"center center","background-size":"auto","background-attachment":"scroll","background-type":"","background-media":"","overlay-type":"","overlay-color":"","overlay-gradient":""},"tablet":{"background-color":"","background-image":"","background-repeat":"repeat","background-position":"center center","background-size":"auto","background-attachment":"scroll","background-type":"","background-media":"","overlay-type":"","overlay-color":"","overlay-gradient":""},"mobile":{"background-color":"","background-image":"","background-repeat":"repeat","background-position":"center center","background-size":"auto","background-attachment":"scroll","background-type":"","background-media":"","overlay-type":"","overlay-color":"","overlay-gradient":""}},"ast-content-background-meta":{"desktop":{"background-color":"var(--ast-global-color-5)","background-image":"","background-repeat":"repeat","background-position":"center center","background-size":"auto","background-attachment":"scroll","background-type":"","background-media":"","overlay-type":"","overlay-color":"","overlay-gradient":""},"tablet":{"background-color":"var(--ast-global-color-5)","background-image":"","background-repeat":"repeat","background-position":"center center","background-size":"auto","background-attachment":"scroll","background-type":"","background-media":"","overlay-type":"","overlay-color":"","overlay-gradient":""},"mobile":{"background-color":"var(--ast-global-color-5)","background-image":"","background-repeat":"repeat","background-position":"center center","background-size":"auto","background-attachment":"scroll","background-type":"","background-media":"","overlay-type":"","overlay-color":"","overlay-gradient":""}},"_joinchat":[]},"product_cat":[102],"product_tag":[106,109],"acf":[],"yoast_head":"<!-- This site is optimized with the Yoast SEO plugin v22.6 - https:\/\/yoast.com\/wordpress\/plugins\/seo\/ -->\n<title>L\u00e0mina Swiss Spect 22 XC - Soleplex Swiss<\/title>\n<meta name=\"robots\" content=\"index, follow, max-snippet:-1, max-image-preview:large, max-video-preview:-1\" \/>\n<link rel=\"canonical\" href=\"https:\/\/soleplex.es\/ca\/producto\/lamina-swiss-spect-22-xc\/\" \/>\n<meta property=\"og:locale\" content=\"ca_ES\" \/>\n<meta property=\"og:type\" content=\"article\" \/>\n<meta property=\"og:title\" content=\"L\u00e0mina Swiss Spect 22 XC - Soleplex Swiss\" \/>\n<meta property=\"og:description\" content=\"L\u00e0mina neutra d&#039;aplicaci\u00f3 exterior.\" \/>\n<meta property=\"og:url\" content=\"https:\/\/soleplex.es\/ca\/producto\/lamina-swiss-spect-22-xc\/\" \/>\n<meta property=\"og:site_name\" content=\"Soleplex Swiss\" \/>\n<meta property=\"article:modified_time\" content=\"2023-11-20T13:09:24+00:00\" \/>\n<meta property=\"og:image\" content=\"https:\/\/soleplex.es\/wp-content\/uploads\/2023\/11\/SWISS-SPECT-22-XC-.webp\" \/>\n\t<meta property=\"og:image:width\" content=\"650\" \/>\n\t<meta property=\"og:image:height\" content=\"650\" \/>\n\t<meta property=\"og:image:type\" content=\"image\/webp\" \/>\n<meta name=\"twitter:card\" content=\"summary_large_image\" \/>\n<meta name=\"twitter:label1\" content=\"Temps estimat de lectura\" \/>\n\t<meta name=\"twitter:data1\" content=\"1 minut\" \/>\n<script type=\"application\/ld+json\" class=\"yoast-schema-graph\">{\"@context\":\"https:\/\/schema.org\",\"@graph\":[{\"@type\":\"WebPage\",\"@id\":\"https:\/\/soleplex.es\/ca\/producto\/lamina-swiss-spect-22-xc\/\",\"url\":\"https:\/\/soleplex.es\/ca\/producto\/lamina-swiss-spect-22-xc\/\",\"name\":\"L\u00e0mina Swiss Spect 22 XC - Soleplex Swiss\",\"isPartOf\":{\"@id\":\"https:\/\/soleplex.es\/#website\"},\"primaryImageOfPage\":{\"@id\":\"https:\/\/soleplex.es\/ca\/producto\/lamina-swiss-spect-22-xc\/#primaryimage\"},\"image\":{\"@id\":\"https:\/\/soleplex.es\/ca\/producto\/lamina-swiss-spect-22-xc\/#primaryimage\"},\"thumbnailUrl\":\"https:\/\/soleplex.es\/wp-content\/uploads\/2023\/11\/SWISS-SPECT-22-XC-.webp\",\"datePublished\":\"2023-11-15T10:25:11+00:00\",\"dateModified\":\"2023-11-20T13:09:24+00:00\",\"breadcrumb\":{\"@id\":\"https:\/\/soleplex.es\/ca\/producto\/lamina-swiss-spect-22-xc\/#breadcrumb\"},\"inLanguage\":\"ca\",\"potentialAction\":[{\"@type\":\"ReadAction\",\"target\":[\"https:\/\/soleplex.es\/ca\/producto\/lamina-swiss-spect-22-xc\/\"]}]},{\"@type\":\"ImageObject\",\"inLanguage\":\"ca\",\"@id\":\"https:\/\/soleplex.es\/ca\/producto\/lamina-swiss-spect-22-xc\/#primaryimage\",\"url\":\"https:\/\/soleplex.es\/wp-content\/uploads\/2023\/11\/SWISS-SPECT-22-XC-.webp\",\"contentUrl\":\"https:\/\/soleplex.es\/wp-content\/uploads\/2023\/11\/SWISS-SPECT-22-XC-.webp\",\"width\":650,\"height\":650,\"caption\":\"SWISS SPECT 22 XC\"},{\"@type\":\"BreadcrumbList\",\"@id\":\"https:\/\/soleplex.es\/ca\/producto\/lamina-swiss-spect-22-xc\/#breadcrumb\",\"itemListElement\":[{\"@type\":\"ListItem\",\"position\":1,\"name\":\"Portada\",\"item\":\"https:\/\/soleplex.es\/ca\/\"},{\"@type\":\"ListItem\",\"position\":2,\"name\":\"Lamines Online\",\"item\":\"https:\/\/soleplex.es\/ca\/lamines-online\/\"},{\"@type\":\"ListItem\",\"position\":3,\"name\":\"L\u00e0mina Swiss Spect 22 XC\"}]},{\"@type\":\"WebSite\",\"@id\":\"https:\/\/soleplex.es\/#website\",\"url\":\"https:\/\/soleplex.es\/\",\"name\":\"Soleplex Swiss\",\"description\":\"L\u00e1minas solares, l\u00e1minas de seguridad y limpieza de graffitis\",\"publisher\":{\"@id\":\"https:\/\/soleplex.es\/#organization\"},\"potentialAction\":[{\"@type\":\"SearchAction\",\"target\":{\"@type\":\"EntryPoint\",\"urlTemplate\":\"https:\/\/soleplex.es\/?s={search_term_string}\"},\"query-input\":\"required name=search_term_string\"}],\"inLanguage\":\"ca\"},{\"@type\":\"Organization\",\"@id\":\"https:\/\/soleplex.es\/#organization\",\"name\":\"Soleplex Swiss\",\"url\":\"https:\/\/soleplex.es\/\",\"logo\":{\"@type\":\"ImageObject\",\"inLanguage\":\"ca\",\"@id\":\"https:\/\/soleplex.es\/#\/schema\/logo\/image\/\",\"url\":\"https:\/\/soleplex.es\/wp-content\/uploads\/2021\/10\/logo-soleplex.jpg\",\"contentUrl\":\"https:\/\/soleplex.es\/wp-content\/uploads\/2021\/10\/logo-soleplex.jpg\",\"width\":250,\"height\":118,\"caption\":\"Soleplex Swiss\"},\"image\":{\"@id\":\"https:\/\/soleplex.es\/#\/schema\/logo\/image\/\"}}]}<\/script>\n<!-- \/ Yoast SEO plugin. -->","yoast_head_json":{"title":"L\u00e0mina Swiss Spect 22 XC - Soleplex Swiss","robots":{"index":"index","follow":"follow","max-snippet":"max-snippet:-1","max-image-preview":"max-image-preview:large","max-video-preview":"max-video-preview:-1"},"canonical":"https:\/\/soleplex.es\/ca\/producto\/lamina-swiss-spect-22-xc\/","og_locale":"ca_ES","og_type":"article","og_title":"L\u00e0mina Swiss Spect 22 XC - Soleplex Swiss","og_description":"L\u00e0mina neutra d'aplicaci\u00f3 exterior.","og_url":"https:\/\/soleplex.es\/ca\/producto\/lamina-swiss-spect-22-xc\/","og_site_name":"Soleplex Swiss","article_modified_time":"2023-11-20T13:09:24+00:00","og_image":[{"width":650,"height":650,"url":"https:\/\/soleplex.es\/wp-content\/uploads\/2023\/11\/SWISS-SPECT-22-XC-.webp","type":"image\/webp"}],"twitter_card":"summary_large_image","twitter_misc":{"Temps estimat de lectura":"1 minut"},"schema":{"@context":"https:\/\/schema.org","@graph":[{"@type":"WebPage","@id":"https:\/\/soleplex.es\/ca\/producto\/lamina-swiss-spect-22-xc\/","url":"https:\/\/soleplex.es\/ca\/producto\/lamina-swiss-spect-22-xc\/","name":"L\u00e0mina Swiss Spect 22 XC - Soleplex Swiss","isPartOf":{"@id":"https:\/\/soleplex.es\/#website"},"primaryImageOfPage":{"@id":"https:\/\/soleplex.es\/ca\/producto\/lamina-swiss-spect-22-xc\/#primaryimage"},"image":{"@id":"https:\/\/soleplex.es\/ca\/producto\/lamina-swiss-spect-22-xc\/#primaryimage"},"thumbnailUrl":"https:\/\/soleplex.es\/wp-content\/uploads\/2023\/11\/SWISS-SPECT-22-XC-.webp","datePublished":"2023-11-15T10:25:11+00:00","dateModified":"2023-11-20T13:09:24+00:00","breadcrumb":{"@id":"https:\/\/soleplex.es\/ca\/producto\/lamina-swiss-spect-22-xc\/#breadcrumb"},"inLanguage":"ca","potentialAction":[{"@type":"ReadAction","target":["https:\/\/soleplex.es\/ca\/producto\/lamina-swiss-spect-22-xc\/"]}]},{"@type":"ImageObject","inLanguage":"ca","@id":"https:\/\/soleplex.es\/ca\/producto\/lamina-swiss-spect-22-xc\/#primaryimage","url":"https:\/\/soleplex.es\/wp-content\/uploads\/2023\/11\/SWISS-SPECT-22-XC-.webp","contentUrl":"https:\/\/soleplex.es\/wp-content\/uploads\/2023\/11\/SWISS-SPECT-22-XC-.webp","width":650,"height":650,"caption":"SWISS SPECT 22 XC"},{"@type":"BreadcrumbList","@id":"https:\/\/soleplex.es\/ca\/producto\/lamina-swiss-spect-22-xc\/#breadcrumb","itemListElement":[{"@type":"ListItem","position":1,"name":"Portada","item":"https:\/\/soleplex.es\/ca\/"},{"@type":"ListItem","position":2,"name":"Lamines Online","item":"https:\/\/soleplex.es\/ca\/lamines-online\/"},{"@type":"ListItem","position":3,"name":"L\u00e0mina Swiss Spect 22 XC"}]},{"@type":"WebSite","@id":"https:\/\/soleplex.es\/#website","url":"https:\/\/soleplex.es\/","name":"Soleplex Swiss","description":"L\u00e1minas solares, l\u00e1minas de seguridad y limpieza de graffitis","publisher":{"@id":"https:\/\/soleplex.es\/#organization"},"potentialAction":[{"@type":"SearchAction","target":{"@type":"EntryPoint","urlTemplate":"https:\/\/soleplex.es\/?s={search_term_string}"},"query-input":"required name=search_term_string"}],"inLanguage":"ca"},{"@type":"Organization","@id":"https:\/\/soleplex.es\/#organization","name":"Soleplex Swiss","url":"https:\/\/soleplex.es\/","logo":{"@type":"ImageObject","inLanguage":"ca","@id":"https:\/\/soleplex.es\/#\/schema\/logo\/image\/","url":"https:\/\/soleplex.es\/wp-content\/uploads\/2021\/10\/logo-soleplex.jpg","contentUrl":"https:\/\/soleplex.es\/wp-content\/uploads\/2021\/10\/logo-soleplex.jpg","width":250,"height":118,"caption":"Soleplex Swiss"},"image":{"@id":"https:\/\/soleplex.es\/#\/schema\/logo\/image\/"}}]}},"jetpack_sharing_enabled":true,"_links":{"self":[{"href":"https:\/\/soleplex.es\/ca\/wp-json\/wp\/v2\/product\/4447"}],"collection":[{"href":"https:\/\/soleplex.es\/ca\/wp-json\/wp\/v2\/product"}],"about":[{"href":"https:\/\/soleplex.es\/ca\/wp-json\/wp\/v2\/types\/product"}],"replies":[{"embeddable":true,"href":"https:\/\/soleplex.es\/ca\/wp-json\/wp\/v2\/comments?post=4447"}],"wp:featuredmedia":[{"embeddable":true,"href":"https:\/\/soleplex.es\/ca\/wp-json\/wp\/v2\/media\/4212"}],"wp:attachment":[{"href":"https:\/\/soleplex.es\/ca\/wp-json\/wp\/v2\/media?parent=4447"}],"wp:term":[{"taxonomy":"product_cat","embeddable":true,"href":"https:\/\/soleplex.es\/ca\/wp-json\/wp\/v2\/product_cat?post=4447"},{"taxonomy":"product_tag","embeddable":true,"href":"https:\/\/soleplex.es\/ca\/wp-json\/wp\/v2\/product_tag?post=4447"}],"curies":[{"name":"wp","href":"https:\/\/api.w.org\/{rel}","templated":true}]}}