{"id":4112,"date":"2023-06-26T16:04:06","date_gmt":"2023-06-26T16:04:06","guid":{"rendered":"https:\/\/soleplex.es\/lamines-solars-categories\/"},"modified":"2023-11-16T11:33:34","modified_gmt":"2023-11-16T11:33:34","slug":"lamines-solars-categories","status":"publish","type":"page","link":"https:\/\/soleplex.es\/ca\/lamines-solars-categories\/","title":{"rendered":"Lamines Solars Categories"},"content":{"rendered":"\t\t<div data-elementor-type=\"wp-page\" data-elementor-id=\"4112\" class=\"elementor elementor-4112 elementor-3013\" data-elementor-post-type=\"page\">\n\t\t\t\t\t\t\t\t\t<section class=\"elementor-section elementor-top-section elementor-element elementor-element-43ea5c1 elementor-section-height-min-height elementor-section-boxed elementor-section-height-default elementor-section-items-middle\" data-id=\"43ea5c1\" data-element_type=\"section\" data-settings=\"{&quot;background_background&quot;:&quot;slideshow&quot;,&quot;background_slideshow_gallery&quot;:[{&quot;id&quot;:3177,&quot;url&quot;:&quot;https:\\\/\\\/soleplex.es\\\/wp-content\\\/uploads\\\/2023\\\/06\\\/banner-exteriores-1.webp&quot;},{&quot;id&quot;:3175,&quot;url&quot;:&quot;https:\\\/\\\/soleplex.es\\\/wp-content\\\/uploads\\\/2023\\\/06\\\/banner-aparadores-1.webp&quot;},{&quot;id&quot;:3179,&quot;url&quot;:&quot;https:\\\/\\\/soleplex.es\\\/wp-content\\\/uploads\\\/2023\\\/06\\\/banner-interiores-1.webp&quot;},{&quot;id&quot;:3181,&quot;url&quot;:&quot;https:\\\/\\\/soleplex.es\\\/wp-content\\\/uploads\\\/2023\\\/06\\\/banner-privacidad-1.webp&quot;}],&quot;background_slideshow_slide_transition&quot;:&quot;slide_left&quot;,&quot;background_slideshow_slide_duration&quot;:8000,&quot;background_slideshow_loop&quot;:&quot;yes&quot;,&quot;background_slideshow_transition_duration&quot;:500}\">\n\t\t\t\t\t\t\t<div class=\"elementor-background-overlay\"><\/div>\n\t\t\t\t\t\t\t<div class=\"elementor-container elementor-column-gap-default\">\n\t\t\t\t\t<div class=\"elementor-column elementor-col-100 elementor-top-column elementor-element elementor-element-ebc6721\" data-id=\"ebc6721\" data-element_type=\"column\">\n\t\t\t<div class=\"elementor-widget-wrap elementor-element-populated\">\n\t\t\t\t\t\t\t\t<div class=\"elementor-element elementor-element-e202726 elementor-widget elementor-widget-heading\" data-id=\"e202726\" data-element_type=\"widget\" data-widget_type=\"heading.default\">\n\t\t\t\t<div class=\"elementor-widget-container\">\n\t\t\t<style>\/*! elementor - v3.17.0 - 08-11-2023 *\/\n.elementor-heading-title{padding:0;margin:0;line-height:1}.elementor-widget-heading .elementor-heading-title[class*=elementor-size-]>a{color:inherit;font-size:inherit;line-height:inherit}.elementor-widget-heading .elementor-heading-title.elementor-size-small{font-size:15px}.elementor-widget-heading .elementor-heading-title.elementor-size-medium{font-size:19px}.elementor-widget-heading .elementor-heading-title.elementor-size-large{font-size:29px}.elementor-widget-heading .elementor-heading-title.elementor-size-xl{font-size:39px}.elementor-widget-heading .elementor-heading-title.elementor-size-xxl{font-size:59px}<\/style><h1 class=\"elementor-heading-title elementor-size-default\">Botiga Online<\/h1>\t\t<\/div>\n\t\t\t\t<\/div>\n\t\t\t\t\t<\/div>\n\t\t<\/div>\n\t\t\t\t\t\t\t<\/div>\n\t\t<\/section>\n\t\t\t\t<section class=\"elementor-section elementor-top-section elementor-element elementor-element-f6020a5 elementor-section-full_width elementor-section-height-default elementor-section-height-default\" data-id=\"f6020a5\" data-element_type=\"section\">\n\t\t\t\t\t\t<div class=\"elementor-container elementor-column-gap-default\">\n\t\t\t\t\t<div class=\"elementor-column elementor-col-100 elementor-top-column elementor-element elementor-element-3a1823c\" data-id=\"3a1823c\" data-element_type=\"column\">\n\t\t\t<div class=\"elementor-widget-wrap elementor-element-populated\">\n\t\t\t\t\t\t\t\t<div class=\"elementor-element elementor-element-27bb1e8 elementor-widget elementor-widget-heading\" data-id=\"27bb1e8\" data-element_type=\"widget\" data-widget_type=\"heading.default\">\n\t\t\t\t<div class=\"elementor-widget-container\">\n\t\t\t<h2 class=\"elementor-heading-title elementor-size-default\">Totes les Nostres Solucions<\/h2>\t\t<\/div>\n\t\t\t\t<\/div>\n\t\t\t\t\t<\/div>\n\t\t<\/div>\n\t\t\t\t\t\t\t<\/div>\n\t\t<\/section>\n\t\t\t\t<section class=\"elementor-section elementor-top-section elementor-element elementor-element-aebbc86 elementor-section-full_width elementor-section-height-default elementor-section-height-default\" data-id=\"aebbc86\" data-element_type=\"section\">\n\t\t\t\t\t\t<div class=\"elementor-container elementor-column-gap-default\">\n\t\t\t\t\t<div class=\"elementor-column elementor-col-100 elementor-top-column elementor-element elementor-element-eeaa0ce\" data-id=\"eeaa0ce\" data-element_type=\"column\">\n\t\t\t<div class=\"elementor-widget-wrap elementor-element-populated\">\n\t\t\t\t\t\t\t\t<div class=\"elementor-element elementor-element-7d86373 elementor-widget elementor-widget-text-editor\" data-id=\"7d86373\" data-element_type=\"widget\" data-widget_type=\"text-editor.default\">\n\t\t\t\t<div class=\"elementor-widget-container\">\n\t\t\t<style>\/*! elementor - v3.17.0 - 08-11-2023 *\/\n.elementor-widget-text-editor.elementor-drop-cap-view-stacked .elementor-drop-cap{background-color:#69727d;color:#fff}.elementor-widget-text-editor.elementor-drop-cap-view-framed .elementor-drop-cap{color:#69727d;border:3px solid;background-color:transparent}.elementor-widget-text-editor:not(.elementor-drop-cap-view-default) .elementor-drop-cap{margin-top:8px}.elementor-widget-text-editor:not(.elementor-drop-cap-view-default) .elementor-drop-cap-letter{width:1em;height:1em}.elementor-widget-text-editor .elementor-drop-cap{float:left;text-align:center;line-height:1;font-size:50px}.elementor-widget-text-editor .elementor-drop-cap-letter{display:inline-block}<\/style>\t\t\t\t<p>En <strong>Soleplex<\/strong> comptem amb una gran varietat de l\u00e0mines adaptades a cadascuna de les necessitats dels nostres clients. Aqu\u00ed podr\u00e0 adquirir el tipus de l\u00e0mina que necessiti en tres senzills passos.<\/p>\n\t\t\t\t\t\t<\/div>\n\t\t\t\t<\/div>\n\t\t\t\t\t<\/div>\n\t\t<\/div>\n\t\t\t\t\t\t\t<\/div>\n\t\t<\/section>\n\t\t\t\t<section class=\"elementor-section elementor-top-section elementor-element elementor-element-98469d0 elementor-section-full_width elementor-section-content-middle elementor-section-height-default elementor-section-height-default\" data-id=\"98469d0\" data-element_type=\"section\" data-settings=\"{&quot;background_background&quot;:&quot;classic&quot;}\">\n\t\t\t\t\t\t<div class=\"elementor-container elementor-column-gap-default\">\n\t\t\t\t\t<div class=\"elementor-column elementor-col-100 elementor-top-column elementor-element elementor-element-79f1506\" data-id=\"79f1506\" data-element_type=\"column\">\n\t\t\t<div class=\"elementor-widget-wrap elementor-element-populated\">\n\t\t\t\t\t\t\t\t<div class=\"elementor-element elementor-element-96e864e ee-grid-columns-4 ee-grid-halign--center ee-grid-align--middle ee-media-align--middle ee-media-align--center ee-grid-columns-tablet-2 ee-grid-columns-mobile-1 ee-gallery-overflow-tablet--yes ee-gallery-overflow-mobile--yes elementor-widget elementor-widget-gallery-extra\" data-id=\"96e864e\" data-element_type=\"widget\" data-settings=\"{&quot;columns&quot;:&quot;4&quot;,&quot;columns_tablet&quot;:&quot;2&quot;,&quot;columns_mobile&quot;:&quot;1&quot;}\" data-widget_type=\"gallery-extra.default\">\n\t\t\t\t<div class=\"elementor-widget-container\">\n\t\t\t<div class=\"ee-gallery-wrapper\">\n\t\t\t<div class=\"ee-gallery ee-grid ee-grid--gallery ee-gallery__gallery\">\n\t\t\t<div class=\"ee-gallery__item ee-grid__item elementor-repeater-item-dd346f4\">\n\t\t\t\t<a class=\"ee-media ee-gallery__media\" href=\"https:\/\/soleplex.es\/laminas-solares-online\/?swoof=1&amp;product_cat=interiores\">\n\t\t\t\t\t<div class=\"ee-media__wrapper ee-gallery__media-wrapper\"><div class=\"ee-media__thumbnail ee-gallery__media__thumbnail\">\n\t\t\t<img decoding=\"async\" src=\"https:\/\/soleplex.es\/wp-content\/uploads\/2023\/11\/Interiores.webp\" alt=\"Interiors\" title=\"Interiors\" \/>\n\t\t<\/div><div class=\"ee-media__overlay ee-gallery__media__overlay\"><\/div><figcaption class=\"ee-media__content ee-gallery__media__content\">\n\t\t\t<div class=\"wp-caption-text ee-media__content__caption ee-gallery__media__caption ee-caption ee-caption--manual\">\n\t\t\t\tInteriors\t\t\t<\/div>\n\t\t<\/figcaption><\/div>\n\t\t\t\t<\/a>\n\t\t\t<\/div>\n\n\t\t\n\t\t\t<div class=\"ee-gallery__item ee-grid__item elementor-repeater-item-bfa06d8\">\n\t\t\t\t<a class=\"ee-media ee-gallery__media\" href=\"https:\/\/soleplex.es\/laminas-solares-online\/?swoof=1&amp;product_cat=exteriores\">\n\t\t\t\t\t<div class=\"ee-media__wrapper ee-gallery__media-wrapper\"><div class=\"ee-media__thumbnail ee-gallery__media__thumbnail\">\n\t\t\t<img decoding=\"async\" src=\"https:\/\/soleplex.es\/wp-content\/uploads\/2023\/11\/Exteriores.webp\" alt=\"Exteriors\" title=\"Exteriors\" \/>\n\t\t<\/div><div class=\"ee-media__overlay ee-gallery__media__overlay\"><\/div><figcaption class=\"ee-media__content ee-gallery__media__content\">\n\t\t\t<div class=\"wp-caption-text ee-media__content__caption ee-gallery__media__caption ee-caption ee-caption--manual\">\n\t\t\t\tExteriors\t\t\t<\/div>\n\t\t<\/figcaption><\/div>\n\t\t\t\t<\/a>\n\t\t\t<\/div>\n\n\t\t\n\t\t\t<div class=\"ee-gallery__item ee-grid__item elementor-repeater-item-6294b53\">\n\t\t\t\t<a class=\"ee-media ee-gallery__media\" href=\"https:\/\/soleplex.es\/laminas-solares-online\/?swoof=1&amp;product_cat=escaparates\">\n\t\t\t\t\t<div class=\"ee-media__wrapper ee-gallery__media-wrapper\"><div class=\"ee-media__thumbnail ee-gallery__media__thumbnail\">\n\t\t\t<img decoding=\"async\" src=\"https:\/\/soleplex.es\/wp-content\/uploads\/2023\/11\/Aparadors.webp\" alt=\"Aparadors\" title=\"Aparadors\" \/>\n\t\t<\/div><div class=\"ee-media__overlay ee-gallery__media__overlay\"><\/div><figcaption class=\"ee-media__content ee-gallery__media__content\">\n\t\t\t<div class=\"wp-caption-text ee-media__content__caption ee-gallery__media__caption ee-caption ee-caption--manual\">\n\t\t\t\tAparadors\t\t\t<\/div>\n\t\t<\/figcaption><\/div>\n\t\t\t\t<\/a>\n\t\t\t<\/div>\n\n\t\t\n\t\t\t<div class=\"ee-gallery__item ee-grid__item elementor-repeater-item-bd2046f\">\n\t\t\t\t<a class=\"ee-media ee-gallery__media\" href=\"https:\/\/soleplex.es\/laminas-solares-online\/?swoof=1&amp;product_cat=vinilo-de-privacidad\">\n\t\t\t\t\t<div class=\"ee-media__wrapper ee-gallery__media-wrapper\"><div class=\"ee-media__thumbnail ee-gallery__media__thumbnail\">\n\t\t\t<img decoding=\"async\" src=\"https:\/\/soleplex.es\/wp-content\/uploads\/2023\/11\/Privacidad.webp\" alt=\"Privacitat\" title=\"Privacitat\" \/>\n\t\t<\/div><div class=\"ee-media__overlay ee-gallery__media__overlay\"><\/div><figcaption class=\"ee-media__content ee-gallery__media__content\">\n\t\t\t<div class=\"wp-caption-text ee-media__content__caption ee-gallery__media__caption ee-caption ee-caption--manual\">\n\t\t\t\tPrivacitat\t\t\t<\/div>\n\t\t<\/figcaption><\/div>\n\t\t\t\t<\/a>\n\t\t\t<\/div>\n\n\t\t<\/div>\n\t\t<\/div>\t\t<\/div>\n\t\t\t\t<\/div>\n\t\t\t\t\t<\/div>\n\t\t<\/div>\n\t\t\t\t\t\t\t<\/div>\n\t\t<\/section>\n\t\t\t\t\t\t\t<\/div>\n\t\t","protected":false},"excerpt":{"rendered":"<p>Botiga Online Totes les Nostres Solucions En Soleplex comptem amb una gran varietat de l\u00e0mines adaptades a cadascuna de les necessitats dels nostres clients. Aqu\u00ed podr\u00e0 adquirir el tipus de l\u00e0mina que necessiti en tres senzills passos. Interiors Exteriors Aparadors Privacitat<\/p>\n","protected":false},"author":1,"featured_media":0,"parent":0,"menu_order":0,"comment_status":"closed","ping_status":"closed","template":"","meta":{"site-sidebar-layout":"no-sidebar","site-content-layout":"page-builder","ast-site-content-layout":"","site-content-style":"default","site-sidebar-style":"default","ast-global-header-display":"","ast-banner-title-visibility":"","ast-main-header-display":"","ast-hfb-above-header-display":"","ast-hfb-below-header-display":"","ast-hfb-mobile-header-display":"","site-post-title":"disabled","ast-breadcrumbs-content":"","ast-featured-img":"disabled","footer-sml-layout":"","theme-transparent-header-meta":"default","adv-header-id-meta":"","stick-header-meta":"","header-above-stick-meta":"","header-main-stick-meta":"","header-below-stick-meta":"","astra-migrate-meta-layouts":"","ast-page-background-enabled":"default","ast-page-background-meta":{"desktop":{"background-color":"var(--ast-global-color-4)","background-image":"","background-repeat":"repeat","background-position":"center center","background-size":"auto","background-attachment":"scroll","background-type":"","background-media":"","overlay-type":"","overlay-color":"","overlay-gradient":""},"tablet":{"background-color":"","background-image":"","background-repeat":"repeat","background-position":"center center","background-size":"auto","background-attachment":"scroll","background-type":"","background-media":"","overlay-type":"","overlay-color":"","overlay-gradient":""},"mobile":{"background-color":"","background-image":"","background-repeat":"repeat","background-position":"center center","background-size":"auto","background-attachment":"scroll","background-type":"","background-media":"","overlay-type":"","overlay-color":"","overlay-gradient":""}},"ast-content-background-meta":{"desktop":{"background-color":"var(--ast-global-color-5)","background-image":"","background-repeat":"repeat","background-position":"center center","background-size":"auto","background-attachment":"scroll","background-type":"","background-media":"","overlay-type":"","overlay-color":"","overlay-gradient":""},"tablet":{"background-color":"var(--ast-global-color-5)","background-image":"","background-repeat":"repeat","background-position":"center center","background-size":"auto","background-attachment":"scroll","background-type":"","background-media":"","overlay-type":"","overlay-color":"","overlay-gradient":""},"mobile":{"background-color":"var(--ast-global-color-5)","background-image":"","background-repeat":"repeat","background-position":"center center","background-size":"auto","background-attachment":"scroll","background-type":"","background-media":"","overlay-type":"","overlay-color":"","overlay-gradient":""}},"footnotes":"","_joinchat":[]},"acf":[],"yoast_head":"<!-- This site is optimized with the Yoast SEO plugin v22.6 - https:\/\/yoast.com\/wordpress\/plugins\/seo\/ -->\n<title>Lamines Solars Categories - Soleplex Swiss<\/title>\n<meta name=\"robots\" content=\"index, follow, max-snippet:-1, max-image-preview:large, max-video-preview:-1\" \/>\n<link rel=\"canonical\" href=\"https:\/\/soleplex.es\/ca\/lamines-solars-categories\/\" \/>\n<meta property=\"og:locale\" content=\"ca_ES\" \/>\n<meta property=\"og:type\" content=\"article\" \/>\n<meta property=\"og:title\" content=\"Lamines Solars Categories - Soleplex Swiss\" \/>\n<meta property=\"og:description\" content=\"Botiga Online Totes les Nostres Solucions En Soleplex comptem amb una gran varietat de l\u00e0mines adaptades a cadascuna de les necessitats dels nostres clients. Aqu\u00ed podr\u00e0 adquirir el tipus de l\u00e0mina que necessiti en tres senzills passos. Interiors Exteriors Aparadors Privacitat\" \/>\n<meta property=\"og:url\" content=\"https:\/\/soleplex.es\/ca\/lamines-solars-categories\/\" \/>\n<meta property=\"og:site_name\" content=\"Soleplex Swiss\" \/>\n<meta property=\"article:modified_time\" content=\"2023-11-16T11:33:34+00:00\" \/>\n<meta property=\"og:image\" content=\"https:\/\/soleplex.es\/wp-content\/uploads\/2023\/11\/Interiores.webp\" \/>\n<meta name=\"twitter:card\" content=\"summary_large_image\" \/>\n<script type=\"application\/ld+json\" class=\"yoast-schema-graph\">{\"@context\":\"https:\/\/schema.org\",\"@graph\":[{\"@type\":\"WebPage\",\"@id\":\"https:\/\/soleplex.es\/ca\/lamines-solars-categories\/\",\"url\":\"https:\/\/soleplex.es\/ca\/lamines-solars-categories\/\",\"name\":\"Lamines Solars Categories - Soleplex Swiss\",\"isPartOf\":{\"@id\":\"https:\/\/soleplex.es\/#website\"},\"primaryImageOfPage\":{\"@id\":\"https:\/\/soleplex.es\/ca\/lamines-solars-categories\/#primaryimage\"},\"image\":{\"@id\":\"https:\/\/soleplex.es\/ca\/lamines-solars-categories\/#primaryimage\"},\"thumbnailUrl\":\"https:\/\/soleplex.es\/wp-content\/uploads\/2023\/11\/Interiores.webp\",\"datePublished\":\"2023-06-26T16:04:06+00:00\",\"dateModified\":\"2023-11-16T11:33:34+00:00\",\"breadcrumb\":{\"@id\":\"https:\/\/soleplex.es\/ca\/lamines-solars-categories\/#breadcrumb\"},\"inLanguage\":\"ca\",\"potentialAction\":[{\"@type\":\"ReadAction\",\"target\":[\"https:\/\/soleplex.es\/ca\/lamines-solars-categories\/\"]}]},{\"@type\":\"ImageObject\",\"inLanguage\":\"ca\",\"@id\":\"https:\/\/soleplex.es\/ca\/lamines-solars-categories\/#primaryimage\",\"url\":\"https:\/\/soleplex.es\/wp-content\/uploads\/2023\/11\/Interiores.webp\",\"contentUrl\":\"https:\/\/soleplex.es\/wp-content\/uploads\/2023\/11\/Interiores.webp\"},{\"@type\":\"BreadcrumbList\",\"@id\":\"https:\/\/soleplex.es\/ca\/lamines-solars-categories\/#breadcrumb\",\"itemListElement\":[{\"@type\":\"ListItem\",\"position\":1,\"name\":\"Portada\",\"item\":\"https:\/\/soleplex.es\/ca\/\"},{\"@type\":\"ListItem\",\"position\":2,\"name\":\"Lamines Solars Categories\"}]},{\"@type\":\"WebSite\",\"@id\":\"https:\/\/soleplex.es\/#website\",\"url\":\"https:\/\/soleplex.es\/\",\"name\":\"Soleplex Swiss\",\"description\":\"L\u00e1minas solares, l\u00e1minas de seguridad y limpieza de graffitis\",\"publisher\":{\"@id\":\"https:\/\/soleplex.es\/#organization\"},\"potentialAction\":[{\"@type\":\"SearchAction\",\"target\":{\"@type\":\"EntryPoint\",\"urlTemplate\":\"https:\/\/soleplex.es\/?s={search_term_string}\"},\"query-input\":\"required name=search_term_string\"}],\"inLanguage\":\"ca\"},{\"@type\":\"Organization\",\"@id\":\"https:\/\/soleplex.es\/#organization\",\"name\":\"Soleplex Swiss\",\"url\":\"https:\/\/soleplex.es\/\",\"logo\":{\"@type\":\"ImageObject\",\"inLanguage\":\"ca\",\"@id\":\"https:\/\/soleplex.es\/#\/schema\/logo\/image\/\",\"url\":\"https:\/\/soleplex.es\/wp-content\/uploads\/2021\/10\/logo-soleplex.jpg\",\"contentUrl\":\"https:\/\/soleplex.es\/wp-content\/uploads\/2021\/10\/logo-soleplex.jpg\",\"width\":250,\"height\":118,\"caption\":\"Soleplex Swiss\"},\"image\":{\"@id\":\"https:\/\/soleplex.es\/#\/schema\/logo\/image\/\"}}]}<\/script>\n<!-- \/ Yoast SEO plugin. -->","yoast_head_json":{"title":"Lamines Solars Categories - Soleplex Swiss","robots":{"index":"index","follow":"follow","max-snippet":"max-snippet:-1","max-image-preview":"max-image-preview:large","max-video-preview":"max-video-preview:-1"},"canonical":"https:\/\/soleplex.es\/ca\/lamines-solars-categories\/","og_locale":"ca_ES","og_type":"article","og_title":"Lamines Solars Categories - Soleplex Swiss","og_description":"Botiga Online Totes les Nostres Solucions En Soleplex comptem amb una gran varietat de l\u00e0mines adaptades a cadascuna de les necessitats dels nostres clients. Aqu\u00ed podr\u00e0 adquirir el tipus de l\u00e0mina que necessiti en tres senzills passos. Interiors Exteriors Aparadors Privacitat","og_url":"https:\/\/soleplex.es\/ca\/lamines-solars-categories\/","og_site_name":"Soleplex Swiss","article_modified_time":"2023-11-16T11:33:34+00:00","og_image":[{"url":"https:\/\/soleplex.es\/wp-content\/uploads\/2023\/11\/Interiores.webp"}],"twitter_card":"summary_large_image","schema":{"@context":"https:\/\/schema.org","@graph":[{"@type":"WebPage","@id":"https:\/\/soleplex.es\/ca\/lamines-solars-categories\/","url":"https:\/\/soleplex.es\/ca\/lamines-solars-categories\/","name":"Lamines Solars Categories - Soleplex Swiss","isPartOf":{"@id":"https:\/\/soleplex.es\/#website"},"primaryImageOfPage":{"@id":"https:\/\/soleplex.es\/ca\/lamines-solars-categories\/#primaryimage"},"image":{"@id":"https:\/\/soleplex.es\/ca\/lamines-solars-categories\/#primaryimage"},"thumbnailUrl":"https:\/\/soleplex.es\/wp-content\/uploads\/2023\/11\/Interiores.webp","datePublished":"2023-06-26T16:04:06+00:00","dateModified":"2023-11-16T11:33:34+00:00","breadcrumb":{"@id":"https:\/\/soleplex.es\/ca\/lamines-solars-categories\/#breadcrumb"},"inLanguage":"ca","potentialAction":[{"@type":"ReadAction","target":["https:\/\/soleplex.es\/ca\/lamines-solars-categories\/"]}]},{"@type":"ImageObject","inLanguage":"ca","@id":"https:\/\/soleplex.es\/ca\/lamines-solars-categories\/#primaryimage","url":"https:\/\/soleplex.es\/wp-content\/uploads\/2023\/11\/Interiores.webp","contentUrl":"https:\/\/soleplex.es\/wp-content\/uploads\/2023\/11\/Interiores.webp"},{"@type":"BreadcrumbList","@id":"https:\/\/soleplex.es\/ca\/lamines-solars-categories\/#breadcrumb","itemListElement":[{"@type":"ListItem","position":1,"name":"Portada","item":"https:\/\/soleplex.es\/ca\/"},{"@type":"ListItem","position":2,"name":"Lamines Solars Categories"}]},{"@type":"WebSite","@id":"https:\/\/soleplex.es\/#website","url":"https:\/\/soleplex.es\/","name":"Soleplex Swiss","description":"L\u00e1minas solares, l\u00e1minas de seguridad y limpieza de graffitis","publisher":{"@id":"https:\/\/soleplex.es\/#organization"},"potentialAction":[{"@type":"SearchAction","target":{"@type":"EntryPoint","urlTemplate":"https:\/\/soleplex.es\/?s={search_term_string}"},"query-input":"required name=search_term_string"}],"inLanguage":"ca"},{"@type":"Organization","@id":"https:\/\/soleplex.es\/#organization","name":"Soleplex Swiss","url":"https:\/\/soleplex.es\/","logo":{"@type":"ImageObject","inLanguage":"ca","@id":"https:\/\/soleplex.es\/#\/schema\/logo\/image\/","url":"https:\/\/soleplex.es\/wp-content\/uploads\/2021\/10\/logo-soleplex.jpg","contentUrl":"https:\/\/soleplex.es\/wp-content\/uploads\/2021\/10\/logo-soleplex.jpg","width":250,"height":118,"caption":"Soleplex Swiss"},"image":{"@id":"https:\/\/soleplex.es\/#\/schema\/logo\/image\/"}}]}},"jetpack_sharing_enabled":true,"_links":{"self":[{"href":"https:\/\/soleplex.es\/ca\/wp-json\/wp\/v2\/pages\/4112"}],"collection":[{"href":"https:\/\/soleplex.es\/ca\/wp-json\/wp\/v2\/pages"}],"about":[{"href":"https:\/\/soleplex.es\/ca\/wp-json\/wp\/v2\/types\/page"}],"author":[{"embeddable":true,"href":"https:\/\/soleplex.es\/ca\/wp-json\/wp\/v2\/users\/1"}],"replies":[{"embeddable":true,"href":"https:\/\/soleplex.es\/ca\/wp-json\/wp\/v2\/comments?post=4112"}],"version-history":[{"count":10,"href":"https:\/\/soleplex.es\/ca\/wp-json\/wp\/v2\/pages\/4112\/revisions"}],"predecessor-version":[{"id":4444,"href":"https:\/\/soleplex.es\/ca\/wp-json\/wp\/v2\/pages\/4112\/revisions\/4444"}],"wp:attachment":[{"href":"https:\/\/soleplex.es\/ca\/wp-json\/wp\/v2\/media?parent=4112"}],"curies":[{"name":"wp","href":"https:\/\/api.w.org\/{rel}","templated":true}]}}